{"id":866,"date":"2021-12-10T14:46:20","date_gmt":"2021-12-10T14:46:20","guid":{"rendered":"https:\/\/diana.penikoorem.com\/?page_id=866"},"modified":"2021-12-21T17:09:10","modified_gmt":"2021-12-21T17:09:10","slug":"muugi-ja-tarnetingimused","status":"publish","type":"page","link":"https:\/\/diana.penikoorem.com\/en\/muugi-ja-tarnetingimused\/","title":{"rendered":"TERMS OF SALE AND DELIVERY INFORMATION"},"content":{"rendered":"<p>The owner of the online store www.diana.penikoorem.com (hereinafter Penikoorem) is Vildiveski O\u00dc (registry code 80156986), located at Estonia, Harju maakond, Tallinn, Kesklinna linnaosa, Raua tn 39, 10124.<\/p><h2 class=\"wp-block-heading\">TERMS OF SALE AND DELIVERY INFORMATION<\/h2><p><strong>Validity of the sales contract, goods and price information<\/strong><\/p><p>The terms of sale apply to the purchase of goods from the Online Store.<br>The prices of the products sold in the online store are indicated next to the products. A fee for delivery of the goods is added to the price. <br>Information about the goods is provided in the Online Store directly next to the goods.<\/p><p><strong>Placing an order<\/strong><\/p><p>Penikoorem products can be&nbsp;<a href=\"http:\/\/feltmill.ee\/?post_type=product\">purchased&nbsp;<\/a>through&nbsp;<a href=\"http:\/\/feltmill.ee\/?page_id=289\">the<\/a>&nbsp;e-shop.<\/p><p>To order goods from the e-shop, you must add the desired products to the shopping cart. To place an order, fill in the required data fields and select the appropriate method for product delivery. The screen will then display the amount of the fee, which can be paid via a bank link, invoice or debit card.<\/p><p>You can pay for the goods through&nbsp;<strong>bank links<\/strong>&nbsp;(Swedbank,&nbsp;SEB,&nbsp;Luminor, LHV, Coop Pank, Citadele, Pocopay) v\u00f5i&nbsp;<strong>by using a bank card<\/strong>&nbsp;(Visa and MasterCard).<\/p><p>Payments are mediated by <strong>Maksekeskus AS.<\/strong><\/p><p>Kirjastus Penikoorem Non-profit Association is the chief processor of personal data, Kirjastus Penikoorem Non-profit Association forwards the personal data necessary for making payments to the authorized processor Maksekeskus AS.<\/p><p>The goods are paid for in euros (\u20ac).<\/p><p>The agreement enters into force upon receipt of the amount due to the current account of the Online Store.<\/p><p>If the ordered goods cannot be delivered due to the end of the goods or for any other reason, the buyer will be notified as soon as possible and the money paid (incl. delivery costs) will be refunded immediately, but not later than within 14 days of sending the notice.<\/p><p><strong>Delivery<\/strong><\/p><p>Client can download the e-book after purchase.<\/p><p><strong>Right of withdrawal<\/strong><\/p><p>Right of withdrawal<\/p><p>The right of withdrawal does not apply to:<\/p><ul class=\"wp-block-list\"><li>If the buyer is a legal entity;<\/li><li>if cliend has already downloaded the e-book.<\/li><\/ul><p>In order to exercise the 14-day right of return, the ordered goods may not be used in any other way than is necessary to verify the nature, characteristics and functioning of the goods in the manner permitted for testing the goods in a physical store.<\/p><p>If the goods have been used for a purpose other than that necessary to ascertain the nature, characteristics and functioning of the goods or have signs of use or wear, the Online Store has the right to reduce the refundable fee according to the decrease in the value of the goods.<br>In order to return the goods, an application for withdrawal from the purchase of the goods must be submitted, the form of which can be found&nbsp;<a href=\"http:\/\/e-kaubanduseliit.ee\/wp-content\/uploads\/2015\/01\/JM_m41_lisa1.pdf\">here<\/a>&nbsp;and sent to the e-mail address lpenikoorem@gmail.com no later than within 14 days of receipt of the goods.<\/p><p>The buyer must return the goods within 14 days of submitting the application or provide proof that he has handed over the goods to the carrier within the aforementioned period.<\/p><p><strong>Right to lodge a claim<\/strong><\/p><p>The online store is liable for non-compliance or defect of the goods sold to the buyer, which already existed at the time of delivery of the thing and which becomes apparent within two years from the delivery of the goods to the buyer. During the first six months from the delivery of the item to the buyer, it is presumed that the defect already existed at the time of delivery of the item. It is the responsibility of the Online Store to rebut the respective presumption.<\/p><p>The buyer has the right to contact the Online Store within two months at the latest by sending an e-mail to penikoorem@gmail.com. The Online Store is not responsible for defects that have occurred after the delivery of the goods to the buyer.<\/p><p>If the goods purchased from the Online Store have defects for which the Online Store is responsible, the Online Store will repair or replace the defective goods. If the goods cannot be repaired or replaced, the Online Store will return all fees associated with the sales contract to the buyer.<br>The Online Store shall respond to the complaint submitted by the consumer in writing or in a form that can be reproduced in writing within 15 days.<\/p><p><strong>Solving disputes<\/strong><\/p><p>If the buyer has complaints about the Online Store, they must be sent to the e-mail address penikoorem@gmail.com.<\/p><p>If the buyer and the Online Store are unable to resolve the dispute by agreement, the buyer can turn to the Consumer Protection Board of Estonia. The terms of the procedure can be viewed and the application submitted&nbsp;<a href=\"https:\/\/www.tarbijakaitseamet.ee\/et\/tarbijavaidluste-komisjon\">here<\/a>The Consumer Protection Board of Estonia is competent to resolve disputes arising from the contract concluded between the buyer and the Online Store. The review of the buyer\u2019s complaint in the commission is free of charge.<br>The buyer can turn to the European Union consumer dispute resolution platform.&nbsp;<a href=\"https:\/\/ec.europa.eu\/consumers\/odr\/main\/index.cfm?event=main.home.chooseLanguage\">poole<\/a>.<\/p>","protected":false},"excerpt":{"rendered":"<p>Veebipoe www.diana.penikoorem.com (edaspidi Penikoorem) omanik on Kirjastus Penikoorem Mittetulundus\u00fching (registrikood 80156986), asukohaga Eesti Vabariik, Harju maakond, Tallinn, Kesklinna linnaosa, Raua tn 39, 10124. M\u00dc\u00dcGITINGIMUSED JA TARNEINFO M\u00fc\u00fcgilepingu kehtivus, kauba- ja hinnainfo M\u00fc\u00fcgitingimused kehtivad Veebipoest kaupade ostmisel.Veebipoes m\u00fc\u00fcdavate toodete hinnad on m\u00e4rgitud toodete juurde. Teave kauba kohta on esitatud Veebipoes vahetult kauba juures. Tellimuse vormistamine Penikoorem [&hellip;]<\/p>","protected":false},"author":1,"featured_media":0,"parent":0,"menu_order":0,"comment_status":"closed","ping_status":"closed","template":"","meta":{"_monsterinsights_skip_tracking":false,"_monsterinsights_sitenote_active":false,"_monsterinsights_sitenote_note":"","_monsterinsights_sitenote_category":0,"site-sidebar-layout":"default","site-content-layout":"","ast-site-content-layout":"","site-content-style":"default","site-sidebar-style":"default","ast-global-header-display":"","ast-banner-title-visibility":"","ast-main-header-display":"","ast-hfb-above-header-display":"","ast-hfb-below-header-display":"","ast-hfb-mobile-header-display":"","site-post-title":"","ast-breadcrumbs-content":"","ast-featured-img":"","footer-sml-layout":"","theme-transparent-header-meta":"","adv-header-id-meta":"","stick-header-meta":"","header-above-stick-meta":"","header-main-stick-meta":"","header-below-stick-meta":"","astra-migrate-meta-layouts":"default","ast-page-background-enabled":"default","ast-page-background-meta":{"desktop":{"background-color":"","background-image":"","background-repeat":"repeat","background-position":"center center","background-size":"auto","background-attachment":"scroll","background-type":"","background-media":"","overlay-type":"","overlay-color":"","overlay-opacity":"","overlay-gradient":""},"tablet":{"background-color":"","background-image":"","background-repeat":"repeat","background-position":"center center","background-size":"auto","background-attachment":"scroll","background-type":"","background-media":"","overlay-type":"","overlay-color":"","overlay-opacity":"","overlay-gradient":""},"mobile":{"background-color":"","background-image":"","background-repeat":"repeat","background-position":"center center","background-size":"auto","background-attachment":"scroll","background-type":"","background-media":"","overlay-type":"","overlay-color":"","overlay-opacity":"","overlay-gradient":""}},"ast-content-background-meta":{"desktop":{"background-color":"var(--ast-global-color-5)","background-image":"","background-repeat":"repeat","background-position":"center center","background-size":"auto","background-attachment":"scroll","background-type":"","background-media":"","overlay-type":"","overlay-color":"","overlay-opacity":"","overlay-gradient":""},"tablet":{"background-color":"var(--ast-global-color-5)","background-image":"","background-repeat":"repeat","background-position":"center center","background-size":"auto","background-attachment":"scroll","background-type":"","background-media":"","overlay-type":"","overlay-color":"","overlay-opacity":"","overlay-gradient":""},"mobile":{"background-color":"var(--ast-global-color-5)","background-image":"","background-repeat":"repeat","background-position":"center center","background-size":"auto","background-attachment":"scroll","background-type":"","background-media":"","overlay-type":"","overlay-color":"","overlay-opacity":"","overlay-gradient":""}},"_ti_tpc_template_sync":false,"_ti_tpc_template_id":"","footnotes":""},"class_list":["post-866","page","type-page","status-publish","hentry"],"yoast_head":"<!-- This site is optimized with the Yoast SEO plugin v23.8 - https:\/\/yoast.com\/wordpress\/plugins\/seo\/ -->\n<title>M\u00fc\u00fcgi- ja tarnetingimused - Torm L&auml;&auml;nemerel<\/title>\n<meta name=\"robots\" content=\"index, follow, max-snippet:-1, max-image-preview:large, max-video-preview:-1\" \/>\n<link rel=\"canonical\" href=\"https:\/\/diana.penikoorem.com\/en\/muugi-ja-tarnetingimused\/\" \/>\n<meta property=\"og:locale\" content=\"en_GB\" \/>\n<meta property=\"og:type\" content=\"article\" \/>\n<meta property=\"og:title\" content=\"M\u00fc\u00fcgi- ja tarnetingimused - Torm L&auml;&auml;nemerel\" \/>\n<meta property=\"og:description\" content=\"Veebipoe www.diana.penikoorem.com (edaspidi Penikoorem) omanik on Kirjastus Penikoorem Mittetulundus\u00fching (registrikood 80156986), asukohaga Eesti Vabariik, Harju maakond, Tallinn, Kesklinna linnaosa, Raua tn 39, 10124. M\u00dc\u00dcGITINGIMUSED JA TARNEINFO M\u00fc\u00fcgilepingu kehtivus, kauba- ja hinnainfo M\u00fc\u00fcgitingimused kehtivad Veebipoest kaupade ostmisel.Veebipoes m\u00fc\u00fcdavate toodete hinnad on m\u00e4rgitud toodete juurde. Teave kauba kohta on esitatud Veebipoes vahetult kauba juures. Tellimuse vormistamine Penikoorem [&hellip;]\" \/>\n<meta property=\"og:url\" content=\"https:\/\/diana.penikoorem.com\/en\/muugi-ja-tarnetingimused\/\" \/>\n<meta property=\"og:site_name\" content=\"Torm L&auml;&auml;nemerel\" \/>\n<meta property=\"article:modified_time\" content=\"2021-12-21T17:09:10+00:00\" \/>\n<meta name=\"twitter:card\" content=\"summary_large_image\" \/>\n<meta name=\"twitter:label1\" content=\"Estimated reading time\" \/>\n\t<meta name=\"twitter:data1\" content=\"3 minutes\" \/>\n<script type=\"application\/ld+json\" class=\"yoast-schema-graph\">{\"@context\":\"https:\/\/schema.org\",\"@graph\":[{\"@type\":\"WebPage\",\"@id\":\"https:\/\/diana.penikoorem.com\/muugi-ja-tarnetingimused\/\",\"url\":\"https:\/\/diana.penikoorem.com\/muugi-ja-tarnetingimused\/\",\"name\":\"M\u00fc\u00fcgi- ja tarnetingimused - Torm L&auml;&auml;nemerel\",\"isPartOf\":{\"@id\":\"https:\/\/diana.penikoorem.com\/#website\"},\"datePublished\":\"2021-12-10T14:46:20+00:00\",\"dateModified\":\"2021-12-21T17:09:10+00:00\",\"breadcrumb\":{\"@id\":\"https:\/\/diana.penikoorem.com\/muugi-ja-tarnetingimused\/#breadcrumb\"},\"inLanguage\":\"en-GB\",\"potentialAction\":[{\"@type\":\"ReadAction\",\"target\":[\"https:\/\/diana.penikoorem.com\/muugi-ja-tarnetingimused\/\"]}]},{\"@type\":\"BreadcrumbList\",\"@id\":\"https:\/\/diana.penikoorem.com\/muugi-ja-tarnetingimused\/#breadcrumb\",\"itemListElement\":[{\"@type\":\"ListItem\",\"position\":1,\"name\":\"Home\",\"item\":\"https:\/\/diana.penikoorem.com\/\"},{\"@type\":\"ListItem\",\"position\":2,\"name\":\"M\u00fc\u00fcgi- ja tarnetingimused\"}]},{\"@type\":\"WebSite\",\"@id\":\"https:\/\/diana.penikoorem.com\/#website\",\"url\":\"https:\/\/diana.penikoorem.com\/\",\"name\":\"Torm L&auml;&auml;nemerel\",\"description\":\"Printsess Diana isa lugu\",\"potentialAction\":[{\"@type\":\"SearchAction\",\"target\":{\"@type\":\"EntryPoint\",\"urlTemplate\":\"https:\/\/diana.penikoorem.com\/?s={search_term_string}\"},\"query-input\":{\"@type\":\"PropertyValueSpecification\",\"valueRequired\":true,\"valueName\":\"search_term_string\"}}],\"inLanguage\":\"en-GB\"}]}<\/script>\n<!-- \/ Yoast SEO plugin. -->","yoast_head_json":{"title":"M\u00fc\u00fcgi- ja tarnetingimused - Torm L&auml;&auml;nemerel","robots":{"index":"index","follow":"follow","max-snippet":"max-snippet:-1","max-image-preview":"max-image-preview:large","max-video-preview":"max-video-preview:-1"},"canonical":"https:\/\/diana.penikoorem.com\/en\/muugi-ja-tarnetingimused\/","og_locale":"en_GB","og_type":"article","og_title":"M\u00fc\u00fcgi- ja tarnetingimused - Torm L&auml;&auml;nemerel","og_description":"Veebipoe www.diana.penikoorem.com (edaspidi Penikoorem) omanik on Kirjastus Penikoorem Mittetulundus\u00fching (registrikood 80156986), asukohaga Eesti Vabariik, Harju maakond, Tallinn, Kesklinna linnaosa, Raua tn 39, 10124. M\u00dc\u00dcGITINGIMUSED JA TARNEINFO M\u00fc\u00fcgilepingu kehtivus, kauba- ja hinnainfo M\u00fc\u00fcgitingimused kehtivad Veebipoest kaupade ostmisel.Veebipoes m\u00fc\u00fcdavate toodete hinnad on m\u00e4rgitud toodete juurde. Teave kauba kohta on esitatud Veebipoes vahetult kauba juures. Tellimuse vormistamine Penikoorem [&hellip;]","og_url":"https:\/\/diana.penikoorem.com\/en\/muugi-ja-tarnetingimused\/","og_site_name":"Torm L&auml;&auml;nemerel","article_modified_time":"2021-12-21T17:09:10+00:00","twitter_card":"summary_large_image","twitter_misc":{"Estimated reading time":"3 minutes"},"schema":{"@context":"https:\/\/schema.org","@graph":[{"@type":"WebPage","@id":"https:\/\/diana.penikoorem.com\/muugi-ja-tarnetingimused\/","url":"https:\/\/diana.penikoorem.com\/muugi-ja-tarnetingimused\/","name":"M\u00fc\u00fcgi- ja tarnetingimused - Torm L&auml;&auml;nemerel","isPartOf":{"@id":"https:\/\/diana.penikoorem.com\/#website"},"datePublished":"2021-12-10T14:46:20+00:00","dateModified":"2021-12-21T17:09:10+00:00","breadcrumb":{"@id":"https:\/\/diana.penikoorem.com\/muugi-ja-tarnetingimused\/#breadcrumb"},"inLanguage":"en-GB","potentialAction":[{"@type":"ReadAction","target":["https:\/\/diana.penikoorem.com\/muugi-ja-tarnetingimused\/"]}]},{"@type":"BreadcrumbList","@id":"https:\/\/diana.penikoorem.com\/muugi-ja-tarnetingimused\/#breadcrumb","itemListElement":[{"@type":"ListItem","position":1,"name":"Home","item":"https:\/\/diana.penikoorem.com\/"},{"@type":"ListItem","position":2,"name":"M\u00fc\u00fcgi- ja tarnetingimused"}]},{"@type":"WebSite","@id":"https:\/\/diana.penikoorem.com\/#website","url":"https:\/\/diana.penikoorem.com\/","name":"Torm L&auml;&auml;nemerel","description":"Printsess Diana isa lugu","potentialAction":[{"@type":"SearchAction","target":{"@type":"EntryPoint","urlTemplate":"https:\/\/diana.penikoorem.com\/?s={search_term_string}"},"query-input":{"@type":"PropertyValueSpecification","valueRequired":true,"valueName":"search_term_string"}}],"inLanguage":"en-GB"}]}},"_links":{"self":[{"href":"https:\/\/diana.penikoorem.com\/en\/wp-json\/wp\/v2\/pages\/866","targetHints":{"allow":["GET"]}}],"collection":[{"href":"https:\/\/diana.penikoorem.com\/en\/wp-json\/wp\/v2\/pages"}],"about":[{"href":"https:\/\/diana.penikoorem.com\/en\/wp-json\/wp\/v2\/types\/page"}],"author":[{"embeddable":true,"href":"https:\/\/diana.penikoorem.com\/en\/wp-json\/wp\/v2\/users\/1"}],"replies":[{"embeddable":true,"href":"https:\/\/diana.penikoorem.com\/en\/wp-json\/wp\/v2\/comments?post=866"}],"version-history":[{"count":5,"href":"https:\/\/diana.penikoorem.com\/en\/wp-json\/wp\/v2\/pages\/866\/revisions"}],"predecessor-version":[{"id":975,"href":"https:\/\/diana.penikoorem.com\/en\/wp-json\/wp\/v2\/pages\/866\/revisions\/975"}],"wp:attachment":[{"href":"https:\/\/diana.penikoorem.com\/en\/wp-json\/wp\/v2\/media?parent=866"}],"curies":[{"name":"wp","href":"https:\/\/api.w.org\/{rel}","templated":true}]}}