{"id":935,"date":"2021-12-10T15:38:46","date_gmt":"2021-12-10T15:38:46","guid":{"rendered":"https:\/\/diana.penikoorem.com\/?post_type=product&#038;p=935"},"modified":"2022-11-23T18:37:08","modified_gmt":"2022-11-23T18:37:08","slug":"storm-pa-ostersjon","status":"publish","type":"product","link":"https:\/\/diana.penikoorem.com\/en\/product\/storm-pa-ostersjon\/","title":{"rendered":"Storm p\u00e5 \u00d6stersj\u00f6n"},"content":{"rendered":"","protected":false},"excerpt":{"rendered":"<p>This <strong>e-book<\/strong> tells a story about Princess Diana, her mother and father and the romantic love story \u00a0between them. It may be tempting to think that Diana&#8217;s mother&#8217;s actions were driven by sheer \u00a0determination to conceive a male heir to the throne. Or to think that she was simply looking for a one-night stand. However, that was not the case. True romance got hold of those young \u00a0souls the very evening they met, and it was crowned with the birth of princess Diana. Frances found Lembit worthy of herself, and the sincerity of their love affair can be seen from the fact that four years later Frances brought Diana, Lembit\u2019s child, to their meeting in London.<\/p>\n<p>Author: Tuuli S\u00e4de<\/p>\n<p>Translation by Filip Laurits<\/p>\n<p>Cover design by Andrus Peegel and Taavi Kuha<br \/>\nBook design by Taavi Kuha<\/p>\n<p>Penikoorem Publishing House, 2016<\/p>\n<p><em><strong>Book is in Sweden.<\/strong><\/em><\/p>\n<p><strong>Number of pages:<\/strong> 113<\/p>\n<p><strong>E-book format:<\/strong> PDF<\/p>","protected":false},"featured_media":893,"comment_status":"open","ping_status":"closed","template":"","meta":{"_monsterinsights_skip_tracking":false,"_monsterinsights_sitenote_active":false,"_monsterinsights_sitenote_note":"","_monsterinsights_sitenote_category":0,"site-sidebar-layout":"default","site-content-layout":"default","ast-site-content-layout":"","site-content-style":"default","site-sidebar-style":"default","ast-global-header-display":"","ast-banner-title-visibility":"","ast-main-header-display":"","ast-hfb-above-header-display":"","ast-hfb-below-header-display":"","ast-hfb-mobile-header-display":"","site-post-title":"","ast-breadcrumbs-content":"","ast-featured-img":"","footer-sml-layout":"","theme-transparent-header-meta":"default","adv-header-id-meta":"","stick-header-meta":"","header-above-stick-meta":"","header-main-stick-meta":"","header-below-stick-meta":"","astra-migrate-meta-layouts":"default","ast-page-background-enabled":"default","ast-page-background-meta":{"desktop":{"background-color":"","background-image":"","background-repeat":"repeat","background-position":"center center","background-size":"auto","background-attachment":"scroll","background-type":"","background-media":"","overlay-type":"","overlay-color":"","overlay-opacity":"","overlay-gradient":""},"tablet":{"background-color":"","background-image":"","background-repeat":"repeat","background-position":"center center","background-size":"auto","background-attachment":"scroll","background-type":"","background-media":"","overlay-type":"","overlay-color":"","overlay-opacity":"","overlay-gradient":""},"mobile":{"background-color":"","background-image":"","background-repeat":"repeat","background-position":"center center","background-size":"auto","background-attachment":"scroll","background-type":"","background-media":"","overlay-type":"","overlay-color":"","overlay-opacity":"","overlay-gradient":""}},"ast-content-background-meta":{"desktop":{"background-color":"var(--ast-global-color-5)","background-image":"","background-repeat":"repeat","background-position":"center center","background-size":"auto","background-attachment":"scroll","background-type":"","background-media":"","overlay-type":"","overlay-color":"","overlay-opacity":"","overlay-gradient":""},"tablet":{"background-color":"var(--ast-global-color-5)","background-image":"","background-repeat":"repeat","background-position":"center center","background-size":"auto","background-attachment":"scroll","background-type":"","background-media":"","overlay-type":"","overlay-color":"","overlay-opacity":"","overlay-gradient":""},"mobile":{"background-color":"var(--ast-global-color-5)","background-image":"","background-repeat":"repeat","background-position":"center center","background-size":"auto","background-attachment":"scroll","background-type":"","background-media":"","overlay-type":"","overlay-color":"","overlay-opacity":"","overlay-gradient":""}},"_ti_tpc_template_sync":false,"_ti_tpc_template_id":""},"product_cat":[15],"product_tag":[],"class_list":{"0":"post-935","1":"product","2":"type-product","3":"status-publish","4":"has-post-thumbnail","6":"product_cat-diana","7":"desktop-align-left","8":"tablet-align-left","9":"mobile-align-left","11":"first","12":"instock","13":"sale","14":"downloadable","15":"virtual","16":"purchasable","17":"product-type-simple"},"yoast_head":"<!-- This site is optimized with the Yoast SEO plugin v23.8 - https:\/\/yoast.com\/wordpress\/plugins\/seo\/ -->\n<title>Storm p\u00e5 \u00d6stersj\u00f6n - Torm L&auml;&auml;nemerel<\/title>\n<meta name=\"robots\" content=\"index, follow, max-snippet:-1, max-image-preview:large, max-video-preview:-1\" \/>\n<link rel=\"canonical\" href=\"https:\/\/diana.penikoorem.com\/en\/product\/storm-pa-ostersjon\/\" \/>\n<meta property=\"og:locale\" content=\"en_GB\" \/>\n<meta property=\"og:type\" content=\"article\" \/>\n<meta property=\"og:title\" content=\"Storm p\u00e5 \u00d6stersj\u00f6n - Torm L&auml;&auml;nemerel\" \/>\n<meta property=\"og:description\" content=\"This e-book tells a story about Princess Diana, her mother and father and the romantic love story \u00a0between them. It may be tempting to think that Diana&#039;s mother&#039;s actions were driven by sheer \u00a0determination to conceive a male heir to the throne. Or to think that she was simply looking for a one-night stand. However, that was not the case. True romance got hold of those young \u00a0souls the very evening they met, and it was crowned with the birth of princess Diana. Frances found Lembit worthy of herself, and the sincerity of their love affair can be seen from the fact that four years later Frances brought Diana, Lembit\u2019s child, to their meeting in London.  Author: Tuuli S\u00e4de  Translation by Filip Laurits  Cover design by Andrus Peegel and Taavi Kuha Book design by Taavi Kuha  Penikoorem Publishing House, 2016  Book is in Sweden.  Number of pages: 113  E-book format: PDF\" \/>\n<meta property=\"og:url\" content=\"https:\/\/diana.penikoorem.com\/en\/product\/storm-pa-ostersjon\/\" \/>\n<meta property=\"og:site_name\" content=\"Torm L&auml;&auml;nemerel\" \/>\n<meta property=\"article:modified_time\" content=\"2022-11-23T18:37:08+00:00\" \/>\n<meta property=\"og:image\" content=\"https:\/\/diana.penikoorem.com\/wp-content\/uploads\/2021\/12\/Screenshot-2021-12-10-at-16.59.53.png\" \/>\n\t<meta property=\"og:image:width\" content=\"772\" \/>\n\t<meta property=\"og:image:height\" content=\"1136\" \/>\n\t<meta property=\"og:image:type\" content=\"image\/png\" \/>\n<meta name=\"twitter:card\" content=\"summary_large_image\" \/>\n<script type=\"application\/ld+json\" class=\"yoast-schema-graph\">{\"@context\":\"https:\/\/schema.org\",\"@graph\":[{\"@type\":\"WebPage\",\"@id\":\"https:\/\/diana.penikoorem.com\/toode\/storm-pa-ostersjon\/\",\"url\":\"https:\/\/diana.penikoorem.com\/toode\/storm-pa-ostersjon\/\",\"name\":\"Storm p\u00e5 \u00d6stersj\u00f6n - Torm L&auml;&auml;nemerel\",\"isPartOf\":{\"@id\":\"https:\/\/diana.penikoorem.com\/#website\"},\"primaryImageOfPage\":{\"@id\":\"https:\/\/diana.penikoorem.com\/toode\/storm-pa-ostersjon\/#primaryimage\"},\"image\":{\"@id\":\"https:\/\/diana.penikoorem.com\/toode\/storm-pa-ostersjon\/#primaryimage\"},\"thumbnailUrl\":\"https:\/\/diana.penikoorem.com\/wp-content\/uploads\/2021\/12\/Screenshot-2021-12-10-at-16.59.53.png\",\"datePublished\":\"2021-12-10T15:38:46+00:00\",\"dateModified\":\"2022-11-23T18:37:08+00:00\",\"breadcrumb\":{\"@id\":\"https:\/\/diana.penikoorem.com\/toode\/storm-pa-ostersjon\/#breadcrumb\"},\"inLanguage\":\"en-GB\",\"potentialAction\":[{\"@type\":\"ReadAction\",\"target\":[\"https:\/\/diana.penikoorem.com\/toode\/storm-pa-ostersjon\/\"]}]},{\"@type\":\"ImageObject\",\"inLanguage\":\"en-GB\",\"@id\":\"https:\/\/diana.penikoorem.com\/toode\/storm-pa-ostersjon\/#primaryimage\",\"url\":\"https:\/\/diana.penikoorem.com\/wp-content\/uploads\/2021\/12\/Screenshot-2021-12-10-at-16.59.53.png\",\"contentUrl\":\"https:\/\/diana.penikoorem.com\/wp-content\/uploads\/2021\/12\/Screenshot-2021-12-10-at-16.59.53.png\",\"width\":772,\"height\":1136,\"caption\":\"his e-book tells a story about Princess Diana, her mother and father and the romantic love story between them. It may be tempting to think that Diana\u2019s mother\u2019s actions were driven by sheer determination to conceive a male heir to the throne. Or to think that she was simply looking for a one-night stand. However, that was not the case. True romance got hold of those young souls the very evening they met, and it was crowned with the birth of princess Diana.\"},{\"@type\":\"BreadcrumbList\",\"@id\":\"https:\/\/diana.penikoorem.com\/toode\/storm-pa-ostersjon\/#breadcrumb\",\"itemListElement\":[{\"@type\":\"ListItem\",\"position\":1,\"name\":\"Home\",\"item\":\"https:\/\/diana.penikoorem.com\/\"},{\"@type\":\"ListItem\",\"position\":2,\"name\":\"Shop\",\"item\":\"https:\/\/diana.penikoorem.com\/shop\/\"},{\"@type\":\"ListItem\",\"position\":3,\"name\":\"Storm p\u00e5 \u00d6stersj\u00f6n\"}]},{\"@type\":\"WebSite\",\"@id\":\"https:\/\/diana.penikoorem.com\/#website\",\"url\":\"https:\/\/diana.penikoorem.com\/\",\"name\":\"Torm L&auml;&auml;nemerel\",\"description\":\"Printsess Diana isa lugu\",\"potentialAction\":[{\"@type\":\"SearchAction\",\"target\":{\"@type\":\"EntryPoint\",\"urlTemplate\":\"https:\/\/diana.penikoorem.com\/?s={search_term_string}\"},\"query-input\":{\"@type\":\"PropertyValueSpecification\",\"valueRequired\":true,\"valueName\":\"search_term_string\"}}],\"inLanguage\":\"en-GB\"}]}<\/script>\n<!-- \/ Yoast SEO plugin. -->","yoast_head_json":{"title":"Storm p\u00e5 \u00d6stersj\u00f6n - Torm L&auml;&auml;nemerel","robots":{"index":"index","follow":"follow","max-snippet":"max-snippet:-1","max-image-preview":"max-image-preview:large","max-video-preview":"max-video-preview:-1"},"canonical":"https:\/\/diana.penikoorem.com\/en\/product\/storm-pa-ostersjon\/","og_locale":"en_GB","og_type":"article","og_title":"Storm p\u00e5 \u00d6stersj\u00f6n - Torm L&auml;&auml;nemerel","og_description":"This e-book tells a story about Princess Diana, her mother and father and the romantic love story \u00a0between them. It may be tempting to think that Diana's mother's actions were driven by sheer \u00a0determination to conceive a male heir to the throne. Or to think that she was simply looking for a one-night stand. However, that was not the case. True romance got hold of those young \u00a0souls the very evening they met, and it was crowned with the birth of princess Diana. Frances found Lembit worthy of herself, and the sincerity of their love affair can be seen from the fact that four years later Frances brought Diana, Lembit\u2019s child, to their meeting in London.  Author: Tuuli S\u00e4de  Translation by Filip Laurits  Cover design by Andrus Peegel and Taavi Kuha Book design by Taavi Kuha  Penikoorem Publishing House, 2016  Book is in Sweden.  Number of pages: 113  E-book format: PDF","og_url":"https:\/\/diana.penikoorem.com\/en\/product\/storm-pa-ostersjon\/","og_site_name":"Torm L&auml;&auml;nemerel","article_modified_time":"2022-11-23T18:37:08+00:00","og_image":[{"width":772,"height":1136,"url":"https:\/\/diana.penikoorem.com\/wp-content\/uploads\/2021\/12\/Screenshot-2021-12-10-at-16.59.53.png","type":"image\/png"}],"twitter_card":"summary_large_image","schema":{"@context":"https:\/\/schema.org","@graph":[{"@type":"WebPage","@id":"https:\/\/diana.penikoorem.com\/toode\/storm-pa-ostersjon\/","url":"https:\/\/diana.penikoorem.com\/toode\/storm-pa-ostersjon\/","name":"Storm p\u00e5 \u00d6stersj\u00f6n - Torm L&auml;&auml;nemerel","isPartOf":{"@id":"https:\/\/diana.penikoorem.com\/#website"},"primaryImageOfPage":{"@id":"https:\/\/diana.penikoorem.com\/toode\/storm-pa-ostersjon\/#primaryimage"},"image":{"@id":"https:\/\/diana.penikoorem.com\/toode\/storm-pa-ostersjon\/#primaryimage"},"thumbnailUrl":"https:\/\/diana.penikoorem.com\/wp-content\/uploads\/2021\/12\/Screenshot-2021-12-10-at-16.59.53.png","datePublished":"2021-12-10T15:38:46+00:00","dateModified":"2022-11-23T18:37:08+00:00","breadcrumb":{"@id":"https:\/\/diana.penikoorem.com\/toode\/storm-pa-ostersjon\/#breadcrumb"},"inLanguage":"en-GB","potentialAction":[{"@type":"ReadAction","target":["https:\/\/diana.penikoorem.com\/toode\/storm-pa-ostersjon\/"]}]},{"@type":"ImageObject","inLanguage":"en-GB","@id":"https:\/\/diana.penikoorem.com\/toode\/storm-pa-ostersjon\/#primaryimage","url":"https:\/\/diana.penikoorem.com\/wp-content\/uploads\/2021\/12\/Screenshot-2021-12-10-at-16.59.53.png","contentUrl":"https:\/\/diana.penikoorem.com\/wp-content\/uploads\/2021\/12\/Screenshot-2021-12-10-at-16.59.53.png","width":772,"height":1136,"caption":"his e-book tells a story about Princess Diana, her mother and father and the romantic love story between them. It may be tempting to think that Diana\u2019s mother\u2019s actions were driven by sheer determination to conceive a male heir to the throne. Or to think that she was simply looking for a one-night stand. However, that was not the case. True romance got hold of those young souls the very evening they met, and it was crowned with the birth of princess Diana."},{"@type":"BreadcrumbList","@id":"https:\/\/diana.penikoorem.com\/toode\/storm-pa-ostersjon\/#breadcrumb","itemListElement":[{"@type":"ListItem","position":1,"name":"Home","item":"https:\/\/diana.penikoorem.com\/"},{"@type":"ListItem","position":2,"name":"Shop","item":"https:\/\/diana.penikoorem.com\/shop\/"},{"@type":"ListItem","position":3,"name":"Storm p\u00e5 \u00d6stersj\u00f6n"}]},{"@type":"WebSite","@id":"https:\/\/diana.penikoorem.com\/#website","url":"https:\/\/diana.penikoorem.com\/","name":"Torm L&auml;&auml;nemerel","description":"Printsess Diana isa lugu","potentialAction":[{"@type":"SearchAction","target":{"@type":"EntryPoint","urlTemplate":"https:\/\/diana.penikoorem.com\/?s={search_term_string}"},"query-input":{"@type":"PropertyValueSpecification","valueRequired":true,"valueName":"search_term_string"}}],"inLanguage":"en-GB"}]}},"_links":{"self":[{"href":"https:\/\/diana.penikoorem.com\/en\/wp-json\/wp\/v2\/product\/935","targetHints":{"allow":["GET"]}}],"collection":[{"href":"https:\/\/diana.penikoorem.com\/en\/wp-json\/wp\/v2\/product"}],"about":[{"href":"https:\/\/diana.penikoorem.com\/en\/wp-json\/wp\/v2\/types\/product"}],"replies":[{"embeddable":true,"href":"https:\/\/diana.penikoorem.com\/en\/wp-json\/wp\/v2\/comments?post=935"}],"wp:featuredmedia":[{"embeddable":true,"href":"https:\/\/diana.penikoorem.com\/en\/wp-json\/wp\/v2\/media\/893"}],"wp:attachment":[{"href":"https:\/\/diana.penikoorem.com\/en\/wp-json\/wp\/v2\/media?parent=935"}],"wp:term":[{"taxonomy":"product_cat","embeddable":true,"href":"https:\/\/diana.penikoorem.com\/en\/wp-json\/wp\/v2\/product_cat?post=935"},{"taxonomy":"product_tag","embeddable":true,"href":"https:\/\/diana.penikoorem.com\/en\/wp-json\/wp\/v2\/product_tag?post=935"}],"curies":[{"name":"wp","href":"https:\/\/api.w.org\/{rel}","templated":true}]}}